{"id":126,"date":"2015-12-11T19:41:45","date_gmt":"2015-12-12T01:41:45","guid":{"rendered":"https:\/\/www.imprentagrecia.com\/?page_id=126"},"modified":"2020-10-09T08:55:31","modified_gmt":"2020-10-09T14:55:31","slug":"gran-formato","status":"publish","type":"page","link":"https:\/\/www.imprentagrecia.com\/imprentagrecia\/gran-formato\/","title":{"rendered":"Gran formato"},"content":{"rendered":"<div class=\"wpb-content-wrapper\"><p>[vc_row][vc_column][vc_column_text]<\/p>\n<h2>Gran Formato \/ Rotulaci\u00f3n<\/h2>\n<p>[\/vc_column_text][vc_column_text]La Rotulaci\u00f3n y Publicidad en los negocios es <strong>vital<\/strong> porque ayuda al posicionamiento de marca y atraer m\u00e1s clientes.<\/p>\n<p>Ofrecemos todo tipo de rotulaci\u00f3n y gran variedad de materiales como lona, vinil adhesivo, microperforado, pvc, poliestireno y acr\u00edlico, etc.[\/vc_column_text][\/vc_column][\/vc_row][vc_row][vc_column width=\u00bb1\/3&#8243;][vc_column_text]<\/p>\n<p style=\"text-align: center;\">LETRAS CORP\u00d3REAS<\/p>\n<p style=\"text-align: center;\">ROTULOS LUMINOSOS<\/p>\n<p style=\"text-align: center;\">ROTULOS OPACOS<\/p>\n<p style=\"text-align: center;\">ROTULOS DE CALLE<\/p>\n<p style=\"text-align: center;\">PRECINTAS<\/p>\n<p style=\"text-align: center;\">VALLAS<\/p>\n<p style=\"text-align: center;\">MICROPERFORADOS<\/p>\n<p><img loading=\"lazy\" decoding=\"async\" class=\"aligncenter wp-image-288 size-medium\" src=\"https:\/\/www.imprentagrecia.com\/wp-content\/uploads\/2020\/10\/MATERIAL-POP-300x152.jpg\" alt=\"\" width=\"300\" height=\"152\" srcset=\"https:\/\/www.imprentagrecia.com\/imprentagrecia\/wp-content\/uploads\/2020\/10\/MATERIAL-POP-300x152.jpg 300w, https:\/\/www.imprentagrecia.com\/imprentagrecia\/wp-content\/uploads\/2020\/10\/MATERIAL-POP-1024x518.jpg 1024w, https:\/\/www.imprentagrecia.com\/imprentagrecia\/wp-content\/uploads\/2020\/10\/MATERIAL-POP-768x388.jpg 768w, https:\/\/www.imprentagrecia.com\/imprentagrecia\/wp-content\/uploads\/2020\/10\/MATERIAL-POP.jpg 1200w\" sizes=\"auto, (max-width: 300px) 100vw, 300px\" \/>[\/vc_column_text][\/vc_column][vc_column width=\u00bb1\/3&#8243;][vc_column_text]<\/p>\n<p style=\"text-align: center;\">SANBLASTING<\/p>\n<p style=\"text-align: center;\">VINIL DE CORTE<\/p>\n<p style=\"text-align: center;\">GRAFICAS DE PISO<\/p>\n<p style=\"text-align: center;\">TOLDOS<\/p>\n<p style=\"text-align: center;\">ROLLER UP<\/p>\n<p style=\"text-align: center;\">ACRILICOS<\/p>\n<p style=\"text-align: center;\">PVC<\/p>\n<p style=\"text-align: center;\"><img loading=\"lazy\" decoding=\"async\" class=\"aligncenter wp-image-289 size-medium\" src=\"https:\/\/www.imprentagrecia.com\/wp-content\/uploads\/2020\/10\/DECORACION-PAREDES-VINIL-DE-CORTE-2-300x300.jpg\" alt=\"\" width=\"300\" height=\"300\" srcset=\"https:\/\/www.imprentagrecia.com\/imprentagrecia\/wp-content\/uploads\/2020\/10\/DECORACION-PAREDES-VINIL-DE-CORTE-2-300x300.jpg 300w, https:\/\/www.imprentagrecia.com\/imprentagrecia\/wp-content\/uploads\/2020\/10\/DECORACION-PAREDES-VINIL-DE-CORTE-2-150x150.jpg 150w, https:\/\/www.imprentagrecia.com\/imprentagrecia\/wp-content\/uploads\/2020\/10\/DECORACION-PAREDES-VINIL-DE-CORTE-2-768x768.jpg 768w, https:\/\/www.imprentagrecia.com\/imprentagrecia\/wp-content\/uploads\/2020\/10\/DECORACION-PAREDES-VINIL-DE-CORTE-2-600x600.jpg 600w, https:\/\/www.imprentagrecia.com\/imprentagrecia\/wp-content\/uploads\/2020\/10\/DECORACION-PAREDES-VINIL-DE-CORTE-2.jpg 990w\" sizes=\"auto, (max-width: 300px) 100vw, 300px\" \/><\/p>\n<p>[\/vc_column_text][\/vc_column][vc_column width=\u00bb1\/3&#8243;][vc_column_text]<\/p>\n<p style=\"text-align: center;\">ROTAFOLIOS<\/p>\n<p style=\"text-align: center;\">CANVAS<\/p>\n<p style=\"text-align: center;\">ROTULACION FLOTILLAS VEHICULARES<\/p>\n<p style=\"text-align: center;\">MAGNETICOS<\/p>\n<p style=\"text-align: center;\">STICKERS PARA PRODUCTOS<\/p>\n<p style=\"text-align: center;\">PERSONAL CALIFICADO EN CONFECCION E INSTALACION<\/p>\n<p style=\"text-align: center;\"><img loading=\"lazy\" decoding=\"async\" class=\"aligncenter wp-image-290 size-medium\" src=\"https:\/\/www.imprentagrecia.com\/wp-content\/uploads\/2020\/10\/WhatsApp-Image-2020-08-27-at-5.29.51-PM-4-300x225.jpeg\" alt=\"\" width=\"300\" height=\"225\" srcset=\"https:\/\/www.imprentagrecia.com\/imprentagrecia\/wp-content\/uploads\/2020\/10\/WhatsApp-Image-2020-08-27-at-5.29.51-PM-4-300x225.jpeg 300w, https:\/\/www.imprentagrecia.com\/imprentagrecia\/wp-content\/uploads\/2020\/10\/WhatsApp-Image-2020-08-27-at-5.29.51-PM-4-768x576.jpeg 768w, https:\/\/www.imprentagrecia.com\/imprentagrecia\/wp-content\/uploads\/2020\/10\/WhatsApp-Image-2020-08-27-at-5.29.51-PM-4-800x600.jpeg 800w, https:\/\/www.imprentagrecia.com\/imprentagrecia\/wp-content\/uploads\/2020\/10\/WhatsApp-Image-2020-08-27-at-5.29.51-PM-4.jpeg 1024w\" sizes=\"auto, (max-width: 300px) 100vw, 300px\" \/><\/p>\n<p>[\/vc_column_text][\/vc_column][\/vc_row][vc_row][vc_column][\/vc_column][\/vc_row]<\/p>\n<\/div>","protected":false},"excerpt":{"rendered":"<p>[vc_row][vc_column][vc_column_text] Gran Formato \/ Rotulaci\u00f3n [\/vc_column_text][vc_column_text]La Rotulaci\u00f3n y Publicidad en los negocios es vital porque ayuda al posicionamiento de marca y atraer m\u00e1s clientes. Ofrecemos todo tipo de rotulaci\u00f3n y gran variedad de materiales como lona, vinil adhesivo, microperforado, pvc, poliestireno y acr\u00edlico, etc.[\/vc_column_text][\/vc_column][\/vc_row][vc_row][vc_column width=\u00bb1\/3&#8243;][vc_column_text] LETRAS CORP\u00d3REAS ROTULOS LUMINOSOS ROTULOS OPACOS ROTULOS DE CALLE PRECINTAS [&hellip;]<\/p>\n","protected":false},"author":1,"featured_media":0,"parent":0,"menu_order":0,"comment_status":"closed","ping_status":"closed","template":"","meta":{"footnotes":""},"class_list":["post-126","page","type-page","status-publish","hentry"],"_links":{"self":[{"href":"https:\/\/www.imprentagrecia.com\/imprentagrecia\/wp-json\/wp\/v2\/pages\/126","targetHints":{"allow":["GET"]}}],"collection":[{"href":"https:\/\/www.imprentagrecia.com\/imprentagrecia\/wp-json\/wp\/v2\/pages"}],"about":[{"href":"https:\/\/www.imprentagrecia.com\/imprentagrecia\/wp-json\/wp\/v2\/types\/page"}],"author":[{"embeddable":true,"href":"https:\/\/www.imprentagrecia.com\/imprentagrecia\/wp-json\/wp\/v2\/users\/1"}],"replies":[{"embeddable":true,"href":"https:\/\/www.imprentagrecia.com\/imprentagrecia\/wp-json\/wp\/v2\/comments?post=126"}],"version-history":[{"count":20,"href":"https:\/\/www.imprentagrecia.com\/imprentagrecia\/wp-json\/wp\/v2\/pages\/126\/revisions"}],"predecessor-version":[{"id":362,"href":"https:\/\/www.imprentagrecia.com\/imprentagrecia\/wp-json\/wp\/v2\/pages\/126\/revisions\/362"}],"wp:attachment":[{"href":"https:\/\/www.imprentagrecia.com\/imprentagrecia\/wp-json\/wp\/v2\/media?parent=126"}],"curies":[{"name":"wp","href":"https:\/\/api.w.org\/{rel}","templated":true}]}}