{"id":26,"date":"2015-10-03T12:23:11","date_gmt":"2015-10-03T18:23:11","guid":{"rendered":"https:\/\/www.imprentagrecia.com\/?page_id=26"},"modified":"2022-02-18T17:26:19","modified_gmt":"2022-02-18T23:26:19","slug":"inicio","status":"publish","type":"page","link":"https:\/\/www.imprentagrecia.com\/imprentagrecia\/","title":{"rendered":"Inicio"},"content":{"rendered":"<div class=\"wpb-content-wrapper\"><p>[vc_row][vc_column][vc_column_text animation=\u00bbfadeInLeft\u00bb]<\/p>\n<h1>Creamos verdaderas<\/h1>\n<h1>soluciones para su negocio<\/h1>\n<p>[\/vc_column_text][vc_column_text animation=\u00bbfadeInLeft\u00bb]<\/p>\n<p style=\"color: #808080;\">Nos dedicamos a la confecci\u00f3n de facturas, recibos por dinero,<br \/>\ntarjetas de presentaci\u00f3n,\u00a0r\u00f3tulos publicitarios, sellos, papeler\u00eda empresarial y mucho m\u00e1s.<\/p>\n<p>[\/vc_column_text][\/vc_column][\/vc_row][vc_row][vc_column width=\u00bb1\/3&#8243;]<div class=\"eut-element eut-box eut-align-center eut-animated-item eut-fadeInDown\" style=\"\" data-delay=\"200\"><div class=\"eut-media\"><a href=\"https:\/\/www.imprentagrecia.com\/imprentagrecia\/impresion-litografica\/\" target=\"_self\">  <img loading=\"lazy\" decoding=\"async\" alt=\"\" src=\"https:\/\/www.imprentagrecia.com\/imprentagrecia\/wp-content\/uploads\/2020\/10\/ICONO-IMPRESION-LITOGRAFICA.png\" width=\"572\" height=\"572\"><\/a><\/div>  <div class=\"eut-box-content\">    <a href=\"https:\/\/www.imprentagrecia.com\/imprentagrecia\/impresion-litografica\/\" target=\"_self\"><h3 class=\"eut-box-title\">Impresi\u00f3n Litogr\u00e1fica<\/h3>    <\/a>    <p>Libros, Folletos, Invitaciones, Cajas plegadizas, Carpetas, Certificados&#8230;<\/p>  <\/div><\/div>[\/vc_column][vc_column width=\u00bb1\/3&#8243;]<div class=\"eut-element eut-box eut-align-center eut-animated-item eut-fadeInDown\" style=\"\" data-delay=\"200\"><div class=\"eut-media\"><a href=\"https:\/\/www.imprentagrecia.com\/imprentagrecia\/pequeno-formato\/\" target=\"_self\">  <img loading=\"lazy\" decoding=\"async\" alt=\"\" src=\"https:\/\/www.imprentagrecia.com\/imprentagrecia\/wp-content\/uploads\/2020\/10\/ICONO-IMPRESION-DIGITAL.png\" width=\"668\" height=\"668\"><\/a><\/div>  <div class=\"eut-box-content\">    <a href=\"https:\/\/www.imprentagrecia.com\/imprentagrecia\/pequeno-formato\/\" target=\"_self\"><h3 class=\"eut-box-title\">Peque\u00f1o formatoImpresi\u00f3n Digital<\/h3>    <\/a>    <p>Brochures, Separadores de libros, Afiches, Volantes, Plegados&#8230;<\/p>  <\/div><\/div>[\/vc_column][vc_column width=\u00bb1\/3&#8243;]<div class=\"eut-element eut-box eut-align-center eut-animated-item eut-fadeInDown\" style=\"\" data-delay=\"200\"><div class=\"eut-media\"><a href=\"https:\/\/www.imprentagrecia.com\/imprentagrecia\/gran-formato\/\" target=\"_self\">  <img loading=\"lazy\" decoding=\"async\" alt=\"\" src=\"https:\/\/www.imprentagrecia.com\/imprentagrecia\/wp-content\/uploads\/2020\/10\/ICONO-GRAN-FORMATO.png\" width=\"724\" height=\"724\"><\/a><\/div>  <div class=\"eut-box-content\">    <a href=\"https:\/\/www.imprentagrecia.com\/imprentagrecia\/gran-formato\/\" target=\"_self\"><h3 class=\"eut-box-title\">Gran formatoRotulaci\u00f3n<\/h3>    <\/a>    <p>Banners, Mantas, Microperforados, Roller ups&#8230;<\/p>  <\/div><\/div>[\/vc_column][\/vc_row]<\/p>\n<\/div>","protected":false},"excerpt":{"rendered":"<p>[vc_row][vc_column][vc_column_text animation=\u00bbfadeInLeft\u00bb] Creamos verdaderas soluciones para su negocio [\/vc_column_text][vc_column_text animation=\u00bbfadeInLeft\u00bb] Nos dedicamos a la confecci\u00f3n de facturas, recibos por dinero, tarjetas de presentaci\u00f3n,\u00a0r\u00f3tulos publicitarios, sellos, papeler\u00eda empresarial y mucho m\u00e1s. [\/vc_column_text][\/vc_column][\/vc_row][vc_row][vc_column width=\u00bb1\/3&#8243;][\/vc_column][vc_column width=\u00bb1\/3&#8243;][\/vc_column][vc_column width=\u00bb1\/3&#8243;][\/vc_column][\/vc_row]<\/p>\n","protected":false},"author":1,"featured_media":0,"parent":0,"menu_order":0,"comment_status":"closed","ping_status":"closed","template":"","meta":{"footnotes":""},"class_list":["post-26","page","type-page","status-publish","hentry"],"_links":{"self":[{"href":"https:\/\/www.imprentagrecia.com\/imprentagrecia\/wp-json\/wp\/v2\/pages\/26","targetHints":{"allow":["GET"]}}],"collection":[{"href":"https:\/\/www.imprentagrecia.com\/imprentagrecia\/wp-json\/wp\/v2\/pages"}],"about":[{"href":"https:\/\/www.imprentagrecia.com\/imprentagrecia\/wp-json\/wp\/v2\/types\/page"}],"author":[{"embeddable":true,"href":"https:\/\/www.imprentagrecia.com\/imprentagrecia\/wp-json\/wp\/v2\/users\/1"}],"replies":[{"embeddable":true,"href":"https:\/\/www.imprentagrecia.com\/imprentagrecia\/wp-json\/wp\/v2\/comments?post=26"}],"version-history":[{"count":5,"href":"https:\/\/www.imprentagrecia.com\/imprentagrecia\/wp-json\/wp\/v2\/pages\/26\/revisions"}],"predecessor-version":[{"id":396,"href":"https:\/\/www.imprentagrecia.com\/imprentagrecia\/wp-json\/wp\/v2\/pages\/26\/revisions\/396"}],"wp:attachment":[{"href":"https:\/\/www.imprentagrecia.com\/imprentagrecia\/wp-json\/wp\/v2\/media?parent=26"}],"curies":[{"name":"wp","href":"https:\/\/api.w.org\/{rel}","templated":true}]}}