{"id":36,"date":"2015-10-03T19:43:38","date_gmt":"2015-10-04T01:43:38","guid":{"rendered":"https:\/\/www.imprentagrecia.com\/?page_id=36"},"modified":"2020-10-22T12:10:49","modified_gmt":"2020-10-22T18:10:49","slug":"servicios","status":"publish","type":"page","link":"https:\/\/www.imprentagrecia.com\/imprentagrecia\/servicios\/","title":{"rendered":"Servicios"},"content":{"rendered":"<div class=\"wpb-content-wrapper\"><p>[vc_row][vc_column][vc_column_text]<\/p>\n<h2>Servicios<\/h2>\n<p>[\/vc_column_text][\/vc_column][\/vc_row][vc_row][vc_column width=\u00bb1\/2&#8243;][vc_column_text animation=\u00bbfadeInLeft\u00bb]<\/p>\n<p style=\"text-align: center;\"><strong><a href=\"https:\/\/www.imprentagrecia.com\/impresion-litografica\/\">Impresi\u00f3n litogr\u00e1fica<\/a><\/strong><\/p>\n<ul>\n<li style=\"text-align: left;\">Certificados<\/li>\n<li style=\"text-align: left;\">Packs promocionales<\/li>\n<li style=\"text-align: left;\">Calendarios<\/li>\n<li style=\"text-align: left;\">Facturas y recibos<\/li>\n<li style=\"text-align: left;\"><a href=\"https:\/\/www.imprentagrecia.com\/impresion-litografica\/\">Ver m\u00e1s<\/a><\/li>\n<\/ul>\n<p>[\/vc_column_text][\/vc_column][vc_column width=\u00bb1\/2&#8243;][vc_column_text]<img loading=\"lazy\" decoding=\"async\" class=\"aligncenter wp-image-237 size-medium\" src=\"https:\/\/www.imprentagrecia.com\/wp-content\/uploads\/2020\/10\/ICONO-IMPRESION-LITOGRAFICA-300x300.png\" alt=\"\" width=\"300\" height=\"300\" srcset=\"https:\/\/www.imprentagrecia.com\/imprentagrecia\/wp-content\/uploads\/2020\/10\/ICONO-IMPRESION-LITOGRAFICA-300x300.png 300w, https:\/\/www.imprentagrecia.com\/imprentagrecia\/wp-content\/uploads\/2020\/10\/ICONO-IMPRESION-LITOGRAFICA-150x150.png 150w, https:\/\/www.imprentagrecia.com\/imprentagrecia\/wp-content\/uploads\/2020\/10\/ICONO-IMPRESION-LITOGRAFICA.png 572w\" sizes=\"auto, (max-width: 300px) 100vw, 300px\" \/><\/p>\n<p>&nbsp;[\/vc_column_text][\/vc_column][\/vc_row][vc_row][vc_column width=\u00bb1\/2&#8243;][vc_column_text]<img loading=\"lazy\" decoding=\"async\" class=\"aligncenter wp-image-276 size-medium\" src=\"https:\/\/www.imprentagrecia.com\/wp-content\/uploads\/2020\/10\/ICONO-IMPRESION-DIGITAL-300x300.png\" alt=\"\" width=\"300\" height=\"300\" srcset=\"https:\/\/www.imprentagrecia.com\/imprentagrecia\/wp-content\/uploads\/2020\/10\/ICONO-IMPRESION-DIGITAL-300x300.png 300w, https:\/\/www.imprentagrecia.com\/imprentagrecia\/wp-content\/uploads\/2020\/10\/ICONO-IMPRESION-DIGITAL-150x150.png 150w, https:\/\/www.imprentagrecia.com\/imprentagrecia\/wp-content\/uploads\/2020\/10\/ICONO-IMPRESION-DIGITAL-600x600.png 600w, https:\/\/www.imprentagrecia.com\/imprentagrecia\/wp-content\/uploads\/2020\/10\/ICONO-IMPRESION-DIGITAL.png 668w\" sizes=\"auto, (max-width: 300px) 100vw, 300px\" \/><\/p>\n<p>&nbsp;[\/vc_column_text][\/vc_column][vc_column width=\u00bb1\/2&#8243;][vc_column_text animation=\u00bbfadeInRight\u00bb]<\/p>\n<p style=\"text-align: center;\"><a href=\"https:\/\/www.imprentagrecia.com\/pequeno-formato\/\"><strong>Impresi\u00f3n digital: Peque\u00f1o formato<\/strong><\/a><\/p>\n<ul>\n<li>Tarjetas de presentaci\u00f3n<\/li>\n<li>Invitaciones<\/li>\n<li>Etiquetas<\/li>\n<li>Brochures<\/li>\n<li><a href=\"https:\/\/www.imprentagrecia.com\/pequeno-formato\/\">Ver m\u00e1s<\/a><\/li>\n<\/ul>\n<p>[\/vc_column_text][\/vc_column][\/vc_row][vc_row][vc_column width=\u00bb1\/3&#8243;][vc_column_text animation=\u00bbfadeInLeft\u00bb]<\/p>\n<p style=\"text-align: center;\"><strong><a href=\"https:\/\/www.imprentagrecia.com\/gran-formato\/\">Impresi\u00f3n Digital: Gran formato<\/a><\/strong><\/p>\n<ul>\n<li>Banners<\/li>\n<li>Lonas<\/li>\n<li>Rotulaci\u00f3n interna<\/li>\n<li>Roller&nbsp;up<\/li>\n<li><a href=\"https:\/\/www.imprentagrecia.com\/gran-formato\/\">Ver m\u00e1s<\/a><\/li>\n<\/ul>\n<p>[\/vc_column_text][\/vc_column][vc_column width=\u00bb1\/3&#8243;][vc_column_text]<img loading=\"lazy\" decoding=\"async\" class=\"aligncenter wp-image-239 size-medium\" src=\"https:\/\/www.imprentagrecia.com\/wp-content\/uploads\/2020\/10\/ICONO-GRAN-FORMATO-300x300.png\" alt=\"\" width=\"300\" height=\"300\" srcset=\"https:\/\/www.imprentagrecia.com\/imprentagrecia\/wp-content\/uploads\/2020\/10\/ICONO-GRAN-FORMATO-300x300.png 300w, https:\/\/www.imprentagrecia.com\/imprentagrecia\/wp-content\/uploads\/2020\/10\/ICONO-GRAN-FORMATO-150x150.png 150w, https:\/\/www.imprentagrecia.com\/imprentagrecia\/wp-content\/uploads\/2020\/10\/ICONO-GRAN-FORMATO-600x600.png 600w, https:\/\/www.imprentagrecia.com\/imprentagrecia\/wp-content\/uploads\/2020\/10\/ICONO-GRAN-FORMATO.png 724w\" sizes=\"auto, (max-width: 300px) 100vw, 300px\" \/><\/p>\n<p>&nbsp;[\/vc_column_text][\/vc_column][vc_column width=\u00bb1\/3&#8243;][vc_column_text]<img loading=\"lazy\" decoding=\"async\" class=\"aligncenter size-medium wp-image-369\" src=\"https:\/\/www.imprentagrecia.com\/wp-content\/uploads\/2020\/10\/ICONO-ROTULACION-300x300.png\" alt=\"ROTULACION\" width=\"300\" height=\"300\" srcset=\"https:\/\/www.imprentagrecia.com\/imprentagrecia\/wp-content\/uploads\/2020\/10\/ICONO-ROTULACION-300x300.png 300w, https:\/\/www.imprentagrecia.com\/imprentagrecia\/wp-content\/uploads\/2020\/10\/ICONO-ROTULACION-150x150.png 150w, https:\/\/www.imprentagrecia.com\/imprentagrecia\/wp-content\/uploads\/2020\/10\/ICONO-ROTULACION.png 660w, https:\/\/www.imprentagrecia.com\/imprentagrecia\/wp-content\/uploads\/2020\/10\/ICONO-ROTULACION-600x600.png 600w\" sizes=\"auto, (max-width: 300px) 100vw, 300px\" \/>[\/vc_column_text][\/vc_column][\/vc_row][vc_row][vc_column width=\u00bb1\/2&#8243;][vc_column_text]<img loading=\"lazy\" decoding=\"async\" class=\"aligncenter wp-image-301 size-medium\" src=\"https:\/\/www.imprentagrecia.com\/wp-content\/uploads\/2020\/10\/ICONO-FACT-ELECTRONICA-300x300.png\" alt=\"factura electronica\" width=\"300\" height=\"300\" srcset=\"https:\/\/www.imprentagrecia.com\/imprentagrecia\/wp-content\/uploads\/2020\/10\/ICONO-FACT-ELECTRONICA-300x300.png 300w, https:\/\/www.imprentagrecia.com\/imprentagrecia\/wp-content\/uploads\/2020\/10\/ICONO-FACT-ELECTRONICA-150x150.png 150w, https:\/\/www.imprentagrecia.com\/imprentagrecia\/wp-content\/uploads\/2020\/10\/ICONO-FACT-ELECTRONICA-600x600.png 600w, https:\/\/www.imprentagrecia.com\/imprentagrecia\/wp-content\/uploads\/2020\/10\/ICONO-FACT-ELECTRONICA.png 706w\" sizes=\"auto, (max-width: 300px) 100vw, 300px\" \/>[\/vc_column_text][\/vc_column][vc_column width=\u00bb1\/2&#8243;][vc_column_text animation=\u00bbfadeInRight\u00bb]<\/p>\n<p style=\"text-align: center;\"><strong>Facturaci\u00f3n electr\u00f3nica<\/strong><\/p>\n<ul>\n<li>Historial de facturas, recibos de dinero, notas de cr\u00e9dito y d\u00e9bito<\/li>\n<li>M\u00faltiples usuarios conectados a una misma cuenta<\/li>\n<li>S\u00f3lo necesita conexi\u00f3n a internet para realizar sus documentos<\/li>\n<li>Le configuramos la llave criptogr\u00e1fica<\/li>\n<li>Puede emitir reportes de todos los documentos generados en el sistema<\/li>\n<li>Consulte por nuestros precios especiales<\/li>\n<\/ul>\n<p>[\/vc_column_text][\/vc_column][\/vc_row][vc_row][vc_column width=\u00bb1\/2&#8243;][vc_column_text animation=\u00bbfadeInLeft\u00bb]<\/p>\n<p style=\"text-align: center;\"><strong>Sellos<\/strong><\/p>\n<ul>\n<li>Sellos autom\u00e1ticos<\/li>\n<li>Sellos fechadores<\/li>\n<li>Sellos de agua<\/li>\n<li>Sellos de madera<\/li>\n<li>Tintas para sello<\/li>\n<\/ul>\n<p>[\/vc_column_text][\/vc_column][vc_column width=\u00bb1\/2&#8243;][vc_column_text]<img loading=\"lazy\" decoding=\"async\" class=\"aligncenter size-medium wp-image-302\" src=\"https:\/\/www.imprentagrecia.com\/wp-content\/uploads\/2020\/10\/ICONO-SELLOS-300x300.png\" alt=\"\" width=\"300\" height=\"300\" srcset=\"https:\/\/www.imprentagrecia.com\/imprentagrecia\/wp-content\/uploads\/2020\/10\/ICONO-SELLOS-300x300.png 300w, https:\/\/www.imprentagrecia.com\/imprentagrecia\/wp-content\/uploads\/2020\/10\/ICONO-SELLOS-150x150.png 150w, https:\/\/www.imprentagrecia.com\/imprentagrecia\/wp-content\/uploads\/2020\/10\/ICONO-SELLOS-600x600.png 600w, https:\/\/www.imprentagrecia.com\/imprentagrecia\/wp-content\/uploads\/2020\/10\/ICONO-SELLOS.png 650w\" sizes=\"auto, (max-width: 300px) 100vw, 300px\" \/>[\/vc_column_text][\/vc_column][\/vc_row][vc_row][vc_column width=\u00bb1\/2&#8243;][vc_column_text]<img loading=\"lazy\" decoding=\"async\" class=\"aligncenter wp-image-238 size-medium\" src=\"https:\/\/www.imprentagrecia.com\/wp-content\/uploads\/2020\/10\/ICONO-DISENO-300x300.png\" alt=\"\" width=\"300\" height=\"300\" srcset=\"https:\/\/www.imprentagrecia.com\/imprentagrecia\/wp-content\/uploads\/2020\/10\/ICONO-DISENO-300x300.png 300w, https:\/\/www.imprentagrecia.com\/imprentagrecia\/wp-content\/uploads\/2020\/10\/ICONO-DISENO-150x150.png 150w, https:\/\/www.imprentagrecia.com\/imprentagrecia\/wp-content\/uploads\/2020\/10\/ICONO-DISENO-600x600.png 600w, https:\/\/www.imprentagrecia.com\/imprentagrecia\/wp-content\/uploads\/2020\/10\/ICONO-DISENO.png 650w\" sizes=\"auto, (max-width: 300px) 100vw, 300px\" \/>[\/vc_column_text][\/vc_column][vc_column width=\u00bb1\/2&#8243;][vc_column_text animation=\u00bbfadeInRight\u00bb]<\/p>\n<p style=\"text-align: center;\"><strong>Dise\u00f1o Gr\u00e1fico<\/strong><\/p>\n<ul>\n<li>Creaci\u00f3n de logos<\/li>\n<li>Publicidad para redes sociales<\/li>\n<li>Invitaciones digitales<\/li>\n<li>Sticker para Whatsapp<\/li>\n<\/ul>\n<p>[\/vc_column_text][\/vc_column][\/vc_row][vc_row][vc_column width=\u00bb1\/2&#8243;][vc_column_text animation=\u00bbfadeInLeft\u00bb]<\/p>\n<p style=\"text-align: center;\"><strong>Promocionales<\/strong><\/p>\n<ul>\n<li>Lapiceros<\/li>\n<li>Llaveros<\/li>\n<li>Tazas<\/li>\n<li>Botellas<\/li>\n<li>Broches<\/li>\n<\/ul>\n<p>[\/vc_column_text][\/vc_column][vc_column width=\u00bb1\/2&#8243;][vc_column_text]<img loading=\"lazy\" decoding=\"async\" class=\"aligncenter size-medium wp-image-371\" src=\"https:\/\/www.imprentagrecia.com\/wp-content\/uploads\/2020\/10\/ICONO-PROMOCIONALES-300x300.png\" alt=\"\" width=\"300\" height=\"300\" srcset=\"https:\/\/www.imprentagrecia.com\/imprentagrecia\/wp-content\/uploads\/2020\/10\/ICONO-PROMOCIONALES-300x300.png 300w, https:\/\/www.imprentagrecia.com\/imprentagrecia\/wp-content\/uploads\/2020\/10\/ICONO-PROMOCIONALES-150x150.png 150w, https:\/\/www.imprentagrecia.com\/imprentagrecia\/wp-content\/uploads\/2020\/10\/ICONO-PROMOCIONALES-600x600.png 600w, https:\/\/www.imprentagrecia.com\/imprentagrecia\/wp-content\/uploads\/2020\/10\/ICONO-PROMOCIONALES.png 634w\" sizes=\"auto, (max-width: 300px) 100vw, 300px\" \/>[\/vc_column_text][vc_column_text][\/vc_column_text][\/vc_column][\/vc_row]<\/p>\n<\/div>","protected":false},"excerpt":{"rendered":"<p>[vc_row][vc_column][vc_column_text] Servicios [\/vc_column_text][\/vc_column][\/vc_row][vc_row][vc_column width=\u00bb1\/2&#8243;][vc_column_text animation=\u00bbfadeInLeft\u00bb] Impresi\u00f3n litogr\u00e1fica Certificados Packs promocionales Calendarios Facturas y recibos Ver m\u00e1s [\/vc_column_text][\/vc_column][vc_column width=\u00bb1\/2&#8243;][vc_column_text] &nbsp;[\/vc_column_text][\/vc_column][\/vc_row][vc_row][vc_column width=\u00bb1\/2&#8243;][vc_column_text] &nbsp;[\/vc_column_text][\/vc_column][vc_column width=\u00bb1\/2&#8243;][vc_column_text animation=\u00bbfadeInRight\u00bb] Impresi\u00f3n digital: Peque\u00f1o formato Tarjetas de presentaci\u00f3n Invitaciones Etiquetas Brochures Ver m\u00e1s [\/vc_column_text][\/vc_column][\/vc_row][vc_row][vc_column width=\u00bb1\/3&#8243;][vc_column_text animation=\u00bbfadeInLeft\u00bb] Impresi\u00f3n Digital: Gran formato Banners Lonas Rotulaci\u00f3n interna Roller&nbsp;up Ver m\u00e1s [\/vc_column_text][\/vc_column][vc_column width=\u00bb1\/3&#8243;][vc_column_text] &nbsp;[\/vc_column_text][\/vc_column][vc_column width=\u00bb1\/3&#8243;][vc_column_text][\/vc_column_text][\/vc_column][\/vc_row][vc_row][vc_column width=\u00bb1\/2&#8243;][vc_column_text][\/vc_column_text][\/vc_column][vc_column width=\u00bb1\/2&#8243;][vc_column_text [&hellip;]<\/p>\n","protected":false},"author":1,"featured_media":0,"parent":0,"menu_order":0,"comment_status":"closed","ping_status":"closed","template":"","meta":{"footnotes":""},"class_list":["post-36","page","type-page","status-publish","hentry"],"_links":{"self":[{"href":"https:\/\/www.imprentagrecia.com\/imprentagrecia\/wp-json\/wp\/v2\/pages\/36","targetHints":{"allow":["GET"]}}],"collection":[{"href":"https:\/\/www.imprentagrecia.com\/imprentagrecia\/wp-json\/wp\/v2\/pages"}],"about":[{"href":"https:\/\/www.imprentagrecia.com\/imprentagrecia\/wp-json\/wp\/v2\/types\/page"}],"author":[{"embeddable":true,"href":"https:\/\/www.imprentagrecia.com\/imprentagrecia\/wp-json\/wp\/v2\/users\/1"}],"replies":[{"embeddable":true,"href":"https:\/\/www.imprentagrecia.com\/imprentagrecia\/wp-json\/wp\/v2\/comments?post=36"}],"version-history":[{"count":29,"href":"https:\/\/www.imprentagrecia.com\/imprentagrecia\/wp-json\/wp\/v2\/pages\/36\/revisions"}],"predecessor-version":[{"id":393,"href":"https:\/\/www.imprentagrecia.com\/imprentagrecia\/wp-json\/wp\/v2\/pages\/36\/revisions\/393"}],"wp:attachment":[{"href":"https:\/\/www.imprentagrecia.com\/imprentagrecia\/wp-json\/wp\/v2\/media?parent=36"}],"curies":[{"name":"wp","href":"https:\/\/api.w.org\/{rel}","templated":true}]}}